{"id":152,"date":"2016-05-25T00:55:57","date_gmt":"2016-05-25T00:55:57","guid":{"rendered":"http:\/\/www.somosnegrosdelacosta.org\/?page_id=152"},"modified":"2017-04-08T17:57:02","modified_gmt":"2017-04-08T17:57:02","slug":"documentales","status":"publish","type":"page","link":"https:\/\/somosnegrosdelacosta.ciesas.edu.mx\/index.php\/documentales\/","title":{"rendered":"Documentales"},"content":{"rendered":"<p>[et_pb_section admin_label=\u00bbsection\u00bb background_image=\u00bbhttp:\/\/www.somosnegrosdelacosta.org\/wp-content\/uploads\/2016\/05\/fondo-mascaras.jpg\u00bb transparent_background=\u00bboff\u00bb background_color=\u00bb#ffffff\u00bb allow_player_pause=\u00bboff\u00bb inner_shadow=\u00bboff\u00bb parallax=\u00bboff\u00bb parallax_method=\u00bboff\u00bb padding_mobile=\u00bboff\u00bb make_fullwidth=\u00bboff\u00bb use_custom_width=\u00bboff\u00bb width_unit=\u00bbon\u00bb make_equal=\u00bboff\u00bb use_custom_gutter=\u00bboff\u00bb][et_pb_row admin_label=\u00bbFila\u00bb][et_pb_column type=\u00bb4_4&#8243;][et_pb_divider admin_label=\u00bbSeparador\u00bb color=\u00bb#ffffff\u00bb show_divider=\u00bboff\u00bb height=\u00bb50&#8243; divider_style=\u00bbsolid\u00bb divider_position=\u00bbtop\u00bb hide_on_mobile=\u00bbon\u00bb] [\/et_pb_divider][\/et_pb_column][\/et_pb_row][et_pb_row admin_label=\u00bbrow\u00bb make_fullwidth=\u00bboff\u00bb use_custom_width=\u00bboff\u00bb width_unit=\u00bbon\u00bb use_custom_gutter=\u00bboff\u00bb padding_mobile=\u00bboff\u00bb allow_player_pause=\u00bboff\u00bb parallax=\u00bboff\u00bb parallax_method=\u00bboff\u00bb make_equal=\u00bboff\u00bb parallax_1=\u00bboff\u00bb parallax_method_1=\u00bboff\u00bb column_padding_mobile=\u00bbon\u00bb background_color=\u00bbrgba(78,59,53,0.89)\u00bb][et_pb_column type=\u00bb4_4&#8243;][et_pb_text admin_label=\u00bbTexto\u00bb background_layout=\u00bblight\u00bb text_orientation=\u00bbleft\u00bb use_border_color=\u00bboff\u00bb border_color=\u00bb#ffffff\u00bb border_style=\u00bbsolid\u00bb] <section id=\"thumbwrapper4\" class=\"gallery-video-content\"\r\n         data-gallery-video-perpage=\"5\" data-gallery-video-id=\"4\">\r\n\r\n    <input type=\"hidden\" class=\"pagenum\" value=\"1\"\/>\r\n    <ul id=\"huge_it_videogallery\" class=\"huge_it_videogallery view-thumbnails\">\r\n        <li id=\"fullPreview\"><\/li>\r\n        <input type=\"hidden\" id=\"total\" value=\"1\"\/>\r\n                    <li class=\"huge_it_big_li\" data-id=\"75\">\r\n                                    <a class=\"vyoutube huge_it_videogallery_item group4\"\r\n                       href=\"\/\/www.youtube.com\/embed\/V66nCC8w2R8\"\r\n                       title=\"Documental \"Somos negros de la Costa\"\"\r\n                       data-description=\"Direcci\u00f3n: Sergio Navarrete\r\nCoordinaci\u00f3n de talleres: Sergio Navarrete y Lucy Dur\u00e1n\r\nFotograf\u00eda: Gustavo Mora, Bernardo Porraz, Pablo M\u00e1rquez, Sergio Navarrete, Carlos Ruiz.\r\nEdici\u00f3n: El\u00edas Nahm\u00edas, Sergio Navarrete y Bernardo Porraz\r\nMaestros participantes: Lucy Dur\u00e1n, Sergio Navarrete, Lassana Diabat\u00e9, Hawa Kasse Madi Diabat\u00e9, Rub\u00e9n Luengas, Edgar Serralde, Pablo M\u00e1rquez, Rie Watanabe, Omar Dur\u00e1n, Natalia Arroyo, Ignacio Carrillo, V\u00edctor Hugo Laredo Morales, Simitrio Herrera, Juan Morales y Cris\u00f3gono Prudente.\"\r\n                       data-id=\"75\"><\/a>\r\n                    <img decoding=\"async\" src=\"\/\/img.youtube.com\/vi\/V66nCC8w2R8\/mqdefault.jpg\"\r\n                         alt=\"Documental \"Somos negros de la Costa\"\"\/>\r\n                                    <div class=\"overLayer\"><\/div>\r\n                <div class=\"infoLayer\">\r\n                    <ul>\r\n                        <li>\r\n                            <h2>\r\n                                Documental \"Somos negros de la Costa\"                            <\/h2>\r\n                        <\/li>\r\n                        <li>\r\n                            <p>\r\n                                Watch Video                            <\/p>\r\n                        <\/li>\r\n                    <\/ul>\r\n                <\/div>\r\n            <\/li>\r\n                    <li class=\"huge_it_big_li\" data-id=\"66\">\r\n                                    <a class=\"vyoutube huge_it_videogallery_item group4\"\r\n                       href=\"\/\/www.youtube.com\/embed\/QnLo-5tT67s\"\r\n                       title=\"La danza de la tortuga\"\r\n                       data-description=\"Fotograf\u00eda: Gustavo Mora, Bernardo Porraz y Sergio Navarrete Pellicer\r\nInvestigaci\u00f3n: Sergio Navarrete\r\nEdici\u00f3n: Bernardo Porraz\r\nSantiago Llano Grande \"La Banda\", Santiago Llano Grande, Oaxaca, entre el 7 de octubre del 2015 y el 1 de febrero del 2016.\"\r\n                       data-id=\"66\"><\/a>\r\n                    <img decoding=\"async\" src=\"\/\/img.youtube.com\/vi\/QnLo-5tT67s\/mqdefault.jpg\"\r\n                         alt=\"La danza de la tortuga\"\/>\r\n                                    <div class=\"overLayer\"><\/div>\r\n                <div class=\"infoLayer\">\r\n                    <ul>\r\n                        <li>\r\n                            <h2>\r\n                                La danza de la tortuga                            <\/h2>\r\n                        <\/li>\r\n                        <li>\r\n                            <p>\r\n                                Watch Video                            <\/p>\r\n                        <\/li>\r\n                    <\/ul>\r\n                <\/div>\r\n            <\/li>\r\n                    <li class=\"huge_it_big_li\" data-id=\"43\">\r\n                                    <a class=\"vyoutube huge_it_videogallery_item group4\"\r\n                       href=\"\/\/www.youtube.com\/embed\/k-KhQDGKhXw\"\r\n                       title=\"La Danza del Toro de Petate (vaqueros)\"\r\n                       data-description=\"Direcci\u00f3n: Sergio Navarrete Pellicer\r\nFotograf\u00eda: Gustavo Mora, Carlos Ruiz, Bernardo Porraz y Sergio Navarrete\r\nEdici\u00f3n: Bernardo Porraz y Sergio Navarrete\r\nInvestigaci\u00f3n: Sergio Navarrete\r\nSan Juan Bautista Lo de Soto, San Jos\u00e9 Estancia Grande, Santiago Llano Grande, y Santo Domingo Armenta\"\r\n                       data-id=\"43\"><\/a>\r\n                    <img decoding=\"async\" src=\"\/\/img.youtube.com\/vi\/k-KhQDGKhXw\/mqdefault.jpg\"\r\n                         alt=\"La Danza del Toro de Petate (vaqueros)\"\/>\r\n                                    <div class=\"overLayer\"><\/div>\r\n                <div class=\"infoLayer\">\r\n                    <ul>\r\n                        <li>\r\n                            <h2>\r\n                                La Danza del Toro de Petate (vaqueros)                            <\/h2>\r\n                        <\/li>\r\n                        <li>\r\n                            <p>\r\n                                Watch Video                            <\/p>\r\n                        <\/li>\r\n                    <\/ul>\r\n                <\/div>\r\n            <\/li>\r\n                    <li class=\"huge_it_big_li\" data-id=\"17\">\r\n                                    <a class=\"vyoutube huge_it_videogallery_item group4\"\r\n                       href=\"\/\/www.youtube.com\/embed\/JPB35fM-6xQ\"\r\n                       title=\"Identidad - Somos negros de la costa\"\r\n                       data-description=\"El Ciruelo, Pinotepa Nacional, Oaxaca, M\u00e9xico\r\nSantiago Llano Grande \"La Banda\", Santiago Llano Grande, Oaxaca, M\u00e9xico\r\nDel 7 al 30 de octubre del 2015\"\r\n                       data-id=\"17\"><\/a>\r\n                    <img decoding=\"async\" src=\"\/\/img.youtube.com\/vi\/JPB35fM-6xQ\/mqdefault.jpg\"\r\n                         alt=\"Identidad - Somos negros de la costa\"\/>\r\n                                    <div class=\"overLayer\"><\/div>\r\n                <div class=\"infoLayer\">\r\n                    <ul>\r\n                        <li>\r\n                            <h2>\r\n                                Identidad - Somos negros de la costa                            <\/h2>\r\n                        <\/li>\r\n                        <li>\r\n                            <p>\r\n                                Watch Video                            <\/p>\r\n                        <\/li>\r\n                    <\/ul>\r\n                <\/div>\r\n            <\/li>\r\n        \r\n    <\/ul>\r\n    <\/section><style>\r\nsection #huge_it_videogallery a{\r\n\tborder:none;\r\n}\r\nsection #huge_it_videogallery {\r\n\tpadding: 28px;\r\n\tdisplay: block;\r\n\tmin-height: 100%;\r\n\ttext-align: center;\r\n\tmargin-bottom: 30px;\r\n  background-color: #333333; box-shadow: 0 0 10px;}\r\n\r\n\r\n#huge_it_videogallery .huge_it_big_li {\r\n\twidth: 100%;\r\n\tmax-width: 240px;\r\n\toverflow:hidden;\r\n\theight: 150px;\r\n\tmargin: 1px !important;\r\n\tpadding:0 !important;\r\n\tborder: 1px solid #444444;\r\n\tborder-radius: 5px;\r\n}\r\n\r\nsection #huge_it_videogallery li .infoLayer ul li {\r\n\tmax-height:80px;\r\n\toverflow:hidden;\r\n}\r\n\r\nsection #huge_it_videogallery li .overLayer ul li h2,\r\nsection #huge_it_videogallery li .infoLayer ul li h2 {\r\n\tfont-size: 16px;\r\n\tcolor: #FFFFFF;\r\n\tmargin:0 !important;\r\n}\r\n\r\nsection #huge_it_videogallery li .infoLayer ul li p {\r\n\tcolor: #FFFFFF;\r\n\tmargin:0 !important;\r\n}\r\n\r\nsection #huge_it_videogallery li .overLayer,\r\nsection #huge_it_videogallery li .infoLayer {\r\n\t-webkit-transition: opacity 0.3s linear;\r\n\t-moz-transition: opacity 0.3s linear;\r\n\t-ms-transition: opacity 0.3s linear;\r\n\t-o-transition: opacity 0.3s linear;\r\n\ttransition: opacity 0.3s linear;\r\n\twidth: 100%;\r\n\tmax-width: 240px;\r\n\theight: 150px;\r\n\tposition: absolute;\r\n\ttext-align: center;\r\n\topacity: 0;\r\n\ttop: 0;\r\n\tleft: 0;\r\n\tz-index: 4;\r\n\tborder-radius: 5px;\r\n}\r\n\r\n\r\n\r\nsection #huge_it_videogallery li a {\r\n\tposition: absolute;\r\n\tdisplay: block;\r\n\twidth: 100%;\r\n\tmax-width: 240px;\r\n\theight: 150px;\r\n\ttop: 0;\r\n\tleft: 0;\r\n\tz-index: 6;\r\n\tborder-radius: 5px;\r\n}\r\n.load_more3 {\r\n\tmargin: 10px 0;\r\n\tposition:relative;\r\n\ttext-align:center;\r\n\twidth:100%;\r\n}\r\n\r\n.load_more_button3 {\r\n\tborder-radius: 10px;\r\n\tdisplay:inline-block;\r\n\tpadding:5px 15px;\r\n\tfont-size:19px !important;;\r\n\tcolor:#CCCCCC !important;;\r\n\tbackground:#333333 !important;\r\n\tcursor:pointer;\r\n\r\n}\r\n.load_more_button3:hover{\r\n\tcolor:#D9D9D9 !important;\r\n\tbackground:#8F827C !important;\r\n}\r\n.loading3 {\r\n\tdisplay:none;\r\n}\r\n.paginate3{\r\n\tfont-size:22px !important;\r\n\tcolor:#0A0202 !important;\r\n\ttext-align: center;\r\n}\r\n.paginate3 a{\r\n\tborder-bottom: none !important;\r\n\tbox-shadow: none !important;\r\n}\r\n.icon-style3{\r\n\tfont-size: 22px !important;\r\n\tcolor:#333333 !important;\r\n}\r\n.clear{\r\n\tclear:both;\r\n}\r\n\r\n#huge_it_videogallery li img {\r\n\twidth: 100%;\r\n\tmax-width: 238px;\r\n\theight: 148px;\r\n\tmin-height: 100%;\r\n\tmargin:0 !important;\r\n}\r\n\r\nsection #huge_it_videogallery li:hover .overLayer {\r\n\t-webkit-transition: opacity 0.3s linear;\r\n\t-moz-transition: opacity 0.3s linear;\r\n\t-ms-transition: opacity 0.3s linear;\r\n\t-o-transition: opacity 0.3s linear;\r\n\ttransition: opacity 0.3s linear;\r\n\topacity: 0.801;\r\n\tdisplay: block;\r\n\tbackground: #CCCCCC;\r\n}\r\nsection #huge_it_videogallery li:hover .infoLayer {\r\n\t-webkit-transition: opacity 0.3s linear;\r\n\t-moz-transition: opacity 0.3s linear;\r\n\tms-transition: opacity 0.3s linear;\r\n\t-o-transition: opacity 0.3s linear;\r\n\ttransition: opacity 0.3s linear;\r\n\topacity: 1;\r\n\tdisplay: block;\r\n}\r\nsection #huge_it_videogallery p {text-align:center;}\r\n<\/style> [\/et_pb_text][\/et_pb_column][\/et_pb_row][et_pb_row admin_label=\u00bbFila\u00bb][et_pb_column type=\u00bb4_4&#8243;][et_pb_divider admin_label=\u00bbSeparador\u00bb color=\u00bb#ffffff\u00bb show_divider=\u00bboff\u00bb height=\u00bb150&#8243; divider_style=\u00bbsolid\u00bb divider_position=\u00bbtop\u00bb hide_on_mobile=\u00bbon\u00bb] [\/et_pb_divider][\/et_pb_column][\/et_pb_row][\/et_pb_section]<\/p>\n<p><\/p>","protected":false},"excerpt":{"rendered":"<p>[et_pb_section admin_label=\u00bbsection\u00bb background_image=\u00bbhttp:\/\/www.somosnegrosdelacosta.org\/wp-content\/uploads\/2016\/05\/fondo-mascaras.jpg\u00bb transparent_background=\u00bboff\u00bb background_color=\u00bb#ffffff\u00bb allow_player_pause=\u00bboff\u00bb inner_shadow=\u00bboff\u00bb parallax=\u00bboff\u00bb parallax_method=\u00bboff\u00bb padding_mobile=\u00bboff\u00bb make_fullwidth=\u00bboff\u00bb use_custom_width=\u00bboff\u00bb width_unit=\u00bbon\u00bb make_equal=\u00bboff\u00bb use_custom_gutter=\u00bboff\u00bb][et_pb_row admin_label=\u00bbFila\u00bb][et_pb_column type=\u00bb4_4&#8243;][et_pb_divider admin_label=\u00bbSeparador\u00bb color=\u00bb#ffffff\u00bb show_divider=\u00bboff\u00bb height=\u00bb50&#8243; divider_style=\u00bbsolid\u00bb divider_position=\u00bbtop\u00bb hide_on_mobile=\u00bbon\u00bb] [\/et_pb_divider][\/et_pb_column][\/et_pb_row][et_pb_row admin_label=\u00bbrow\u00bb make_fullwidth=\u00bboff\u00bb use_custom_width=\u00bboff\u00bb width_unit=\u00bbon\u00bb use_custom_gutter=\u00bboff\u00bb padding_mobile=\u00bboff\u00bb allow_player_pause=\u00bboff\u00bb parallax=\u00bboff\u00bb parallax_method=\u00bboff\u00bb make_equal=\u00bboff\u00bb parallax_1=\u00bboff\u00bb parallax_method_1=\u00bboff\u00bb column_padding_mobile=\u00bbon\u00bb background_color=\u00bbrgba(78,59,53,0.89)\u00bb][et_pb_column type=\u00bb4_4&#8243;][et_pb_text admin_label=\u00bbTexto\u00bb background_layout=\u00bblight\u00bb text_orientation=\u00bbleft\u00bb use_border_color=\u00bboff\u00bb border_color=\u00bb#ffffff\u00bb border_style=\u00bbsolid\u00bb] [\/et_pb_text][\/et_pb_column][\/et_pb_row][et_pb_row admin_label=\u00bbFila\u00bb][et_pb_column type=\u00bb4_4&#8243;][et_pb_divider admin_label=\u00bbSeparador\u00bb color=\u00bb#ffffff\u00bb show_divider=\u00bboff\u00bb height=\u00bb150&#8243; divider_style=\u00bbsolid\u00bb divider_position=\u00bbtop\u00bb [&hellip;]<\/p>\n","protected":false},"author":1,"featured_media":0,"parent":0,"menu_order":0,"comment_status":"closed","ping_status":"closed","template":"","meta":{"footnotes":""},"_links":{"self":[{"href":"https:\/\/somosnegrosdelacosta.ciesas.edu.mx\/index.php\/wp-json\/wp\/v2\/pages\/152"}],"collection":[{"href":"https:\/\/somosnegrosdelacosta.ciesas.edu.mx\/index.php\/wp-json\/wp\/v2\/pages"}],"about":[{"href":"https:\/\/somosnegrosdelacosta.ciesas.edu.mx\/index.php\/wp-json\/wp\/v2\/types\/page"}],"author":[{"embeddable":true,"href":"https:\/\/somosnegrosdelacosta.ciesas.edu.mx\/index.php\/wp-json\/wp\/v2\/users\/1"}],"replies":[{"embeddable":true,"href":"https:\/\/somosnegrosdelacosta.ciesas.edu.mx\/index.php\/wp-json\/wp\/v2\/comments?post=152"}],"version-history":[{"count":20,"href":"https:\/\/somosnegrosdelacosta.ciesas.edu.mx\/index.php\/wp-json\/wp\/v2\/pages\/152\/revisions"}],"predecessor-version":[{"id":1319,"href":"https:\/\/somosnegrosdelacosta.ciesas.edu.mx\/index.php\/wp-json\/wp\/v2\/pages\/152\/revisions\/1319"}],"wp:attachment":[{"href":"https:\/\/somosnegrosdelacosta.ciesas.edu.mx\/index.php\/wp-json\/wp\/v2\/media?parent=152"}],"curies":[{"name":"wp","href":"https:\/\/api.w.org\/{rel}","templated":true}]}}